{"id":380,"date":"2026-02-25T09:14:44","date_gmt":"2026-02-25T09:14:44","guid":{"rendered":"https:\/\/new.nordstern.ch\/?page_id=380"},"modified":"2026-02-27T11:15:25","modified_gmt":"2026-02-27T11:15:25","slug":"jobs","status":"publish","type":"page","link":"https:\/\/nordstern.ch\/index.php\/jobs\/","title":{"rendered":"Jobs"},"content":{"rendered":"\t\t<div data-elementor-type=\"wp-page\" data-elementor-id=\"380\" class=\"elementor elementor-380\" data-elementor-post-type=\"page\">\n\t\t\t\t<div class=\"elementor-element elementor-element-479c06c e-flex e-con-boxed wpr-particle-no wpr-jarallax-no wpr-parallax-no wpr-sticky-section-no e-con e-parent\" data-id=\"479c06c\" data-element_type=\"container\">\n\t\t\t\t\t<div class=\"e-con-inner\">\n\t\t<div class=\"elementor-element elementor-element-6c33a5b e-con-full e-flex wpr-particle-no wpr-jarallax-no wpr-parallax-no wpr-sticky-section-no e-con e-child\" data-id=\"6c33a5b\" data-element_type=\"container\">\n\t\t<div class=\"elementor-element elementor-element-f121003 e-con-full e-flex wpr-particle-no wpr-jarallax-no wpr-parallax-no wpr-sticky-section-no e-con e-child\" data-id=\"f121003\" data-element_type=\"container\">\n\t\t\t\t<div class=\"elementor-element elementor-element-b1fa4d6 elementor-widget elementor-widget-heading\" data-id=\"b1fa4d6\" data-element_type=\"widget\" data-widget_type=\"heading.default\">\n\t\t\t\t\t<h2 class=\"elementor-heading-title elementor-size-default\">Jobs<\/h2>\t\t\t\t<\/div>\n\t\t\t\t<div class=\"elementor-element elementor-element-590a1d5 elementor-widget elementor-widget-heading\" data-id=\"590a1d5\" data-element_type=\"widget\" data-widget_type=\"heading.default\">\n\t\t\t\t\t<h2 class=\"elementor-heading-title elementor-size-default\">Aktuelles Stellenangebot: Automobilmechatroniker (m\/w\/d), 80 \u2013 100%\n<\/h2>\t\t\t\t<\/div>\n\t\t\t\t<div class=\"elementor-element elementor-element-34998ad elementor-widget elementor-widget-text-editor\" data-id=\"34998ad\" data-element_type=\"widget\" data-widget_type=\"text-editor.default\">\n\t\t\t\t\t\t\t\t\t<p><strong>Wer wir sind<\/strong><br \/>Die Garage Nordstern AG ist ein inhabergef\u00fchrter Betrieb mittlerer Gr\u00f6sse in Feuerthalen, ennet dem Rhein bei Schaffhausen.<br \/>Wir vertreten den schwedischen Premiumhersteller VOLVO seit dem Jahre 1995 im Raum Schaffhausen, mit den angrenzenden Regionen Z\u00fcrcher Weinland und Thurgau.<br \/>Teamgeist und ein famili\u00e4rer Umgang sind in unserem Team zentrale Elemente, was sich auch durch viele langj\u00e4hrige Mitarbeiter auszeichnet. Kundendienst und Serviceorientierung sind uns wichtig. Als Team arbeiten wir jeden Tag daran, dass unsere Kunden zufrieden sind und Freude an ihren Fahrzeugen haben.<\/p><p><strong>Was wir uns w\u00fcnschen<\/strong><br \/>Unser Werkstattteam freut sich \u00fcber tatkr\u00e4ftige und motivierte Unterst\u00fctzung deinerseits. Zudem solltest du ein ausgesprochener Teamplayer und verantwortungsbewusst sein.<br \/>Idealerweise bringst du Erfahrung mit unserer Marke VOLVO mit, was jedoch nicht zwingend erforderlich ist. <br \/>Da wir einen direkten Umgang mit unseren Kunden pflegen, solltest du auch auf kommunikativer Ebene gepflegte Umgangsformen mitbringen. Denn nichts bringt dem Kunden ein besseres Gef\u00fchl, als wenn der Techniker seines Fahrzeuges direkt Kontakt mit ihm aufnimmt.<br \/>Mit einem 100% Arbeitspensum bis du von Montag bis Freitag als Teil unseres Technikerteams im Einsatz.<\/p><p><strong>Was wir dir bieten k\u00f6nnen<\/strong><br \/>Eine modern ausgestattete Werkstatt mit neuesten Werkzeugen und Ger\u00e4ten<br \/>Eine abwechslungsreiche, verantwortungsvolle und spannende T\u00e4tigkeit<br \/>Ein aufgestelltes und kollegiales Team in einem modernen Arbeitsumfeld<br \/>Kurse und Schulungen f\u00fcr die pers\u00f6nliche Weiterbildung<br \/>\u00dcberdurchschnittliche Sozialleistungen<br \/>5 Wochen Urlaub<\/p><p><strong>Was wir von Dir erwarten<\/strong><br \/>Abgeschlossene Ausbildung zum Automobilmechatroniker*in<br \/>Selbstst\u00e4ndiges und eigeninitiatives Arbeiten<br \/>Ausgepr\u00e4gte Teamf\u00e4higkeit<br \/>Gepflegte Umgangsformen (intern als auch extern)<br \/>Arbeitsbeginn: So schnell wie m\u00f6glich.<\/p><p>Falls du dich von unserem Betrieb angesprochen f\u00fchlst und bereit f\u00fcr eine Zukunft mit uns bist, dann sende uns bitte deine schriftliche Bewerbung per Mail an: info (at) nordstern.ch<\/p><p>Wir freuen uns auf dich und deine Bewerbung!<\/p>\t\t\t\t\t\t\t\t<\/div>\n\t\t\t\t<\/div>\n\t\t\t\t<\/div>\n\t\t<div class=\"elementor-element elementor-element-95cb0b0 e-con-full e-flex wpr-particle-no wpr-jarallax-no wpr-parallax-no wpr-sticky-section-no e-con e-child\" data-id=\"95cb0b0\" data-element_type=\"container\">\n\t\t<div class=\"elementor-element elementor-element-cfa1535 e-con-full e-flex wpr-particle-no wpr-jarallax-no wpr-parallax-no wpr-sticky-section-no e-con e-child\" data-id=\"cfa1535\" data-element_type=\"container\">\n\t\t\t\t<div class=\"elementor-element elementor-element-fbfa737 elementor-widget elementor-widget-heading\" data-id=\"fbfa737\" data-element_type=\"widget\" data-widget_type=\"heading.default\">\n\t\t\t\t\t<h2 class=\"elementor-heading-title elementor-size-default\">Lehrstellen<\/h2>\t\t\t\t<\/div>\n\t\t\t\t<div class=\"elementor-element elementor-element-a56f110 elementor-widget elementor-widget-text-editor\" data-id=\"a56f110\" data-element_type=\"widget\" data-widget_type=\"text-editor.default\">\n\t\t\t\t\t\t\t\t\t<p>Unsere offenen Lehrstellen<\/p>\t\t\t\t\t\t\t\t<\/div>\n\t\t<div class=\"elementor-element elementor-element-95b6b0f e-con-full e-flex wpr-particle-no wpr-jarallax-no wpr-parallax-no wpr-sticky-section-no e-con e-child\" data-id=\"95b6b0f\" data-element_type=\"container\">\n\t\t<div class=\"elementor-element elementor-element-0517c5c e-con-full e-flex wpr-particle-no wpr-jarallax-no wpr-parallax-no wpr-sticky-section-no e-con e-child\" data-id=\"0517c5c\" data-element_type=\"container\" data-settings=\"{&quot;background_background&quot;:&quot;classic&quot;}\">\n\t\t\t\t<div class=\"elementor-element elementor-element-d50b1f4 elementor-widget elementor-widget-heading\" data-id=\"d50b1f4\" data-element_type=\"widget\" data-widget_type=\"heading.default\">\n\t\t\t\t\t<h2 class=\"elementor-heading-title elementor-size-default\">Automobil-Assistent\/in EBA<\/h2>\t\t\t\t<\/div>\n\t\t\t\t<div class=\"elementor-element elementor-element-291ed2b elementor-widget elementor-widget-heading\" data-id=\"291ed2b\" data-element_type=\"widget\" data-widget_type=\"heading.default\">\n\t\t\t\t\t<h2 class=\"elementor-heading-title elementor-size-default\">2 Jahre<\/h2>\t\t\t\t<\/div>\n\t\t\t\t<div class=\"elementor-element elementor-element-87f60a6 elementor-widget elementor-widget-text-editor\" data-id=\"87f60a6\" data-element_type=\"widget\" data-widget_type=\"text-editor.default\">\n\t\t\t\t\t\t\t\t\t<p class=\"text-styles-preset-reset\" data-styles-preset=\"reset\" data-pm-slice=\"1 1 []\">Beschreibung<\/p><p><!--framer-match-formatting--><\/p>\t\t\t\t\t\t\t\t<\/div>\n\t\t\t\t<\/div>\n\t\t<div class=\"elementor-element elementor-element-207ff6d e-con-full e-flex wpr-particle-no wpr-jarallax-no wpr-parallax-no wpr-sticky-section-no e-con e-child\" data-id=\"207ff6d\" data-element_type=\"container\" data-settings=\"{&quot;background_background&quot;:&quot;classic&quot;}\">\n\t\t\t\t<div class=\"elementor-element elementor-element-51168e3 elementor-widget elementor-widget-heading\" data-id=\"51168e3\" data-element_type=\"widget\" data-widget_type=\"heading.default\">\n\t\t\t\t\t<h2 class=\"elementor-heading-title elementor-size-default\">Automobil-Fachmann\/-frau EFZ<\/h2>\t\t\t\t<\/div>\n\t\t\t\t<div class=\"elementor-element elementor-element-8549a91 elementor-widget elementor-widget-heading\" data-id=\"8549a91\" data-element_type=\"widget\" data-widget_type=\"heading.default\">\n\t\t\t\t\t<h2 class=\"elementor-heading-title elementor-size-default\">3 Jahre<\/h2>\t\t\t\t<\/div>\n\t\t\t\t<div class=\"elementor-element elementor-element-e09b189 elementor-widget elementor-widget-text-editor\" data-id=\"e09b189\" data-element_type=\"widget\" data-widget_type=\"text-editor.default\">\n\t\t\t\t\t\t\t\t\t<p class=\"text-styles-preset-reset\" data-styles-preset=\"reset\" data-pm-slice=\"1 1 []\">Beschreibung<\/p><p><!--framer-match-formatting--><\/p>\t\t\t\t\t\t\t\t<\/div>\n\t\t\t\t<\/div>\n\t\t<div class=\"elementor-element elementor-element-c9abc6b e-con-full e-flex wpr-particle-no wpr-jarallax-no wpr-parallax-no wpr-sticky-section-no e-con e-child\" data-id=\"c9abc6b\" data-element_type=\"container\" data-settings=\"{&quot;background_background&quot;:&quot;classic&quot;}\">\n\t\t\t\t<div class=\"elementor-element elementor-element-28e0b06 elementor-widget elementor-widget-heading\" data-id=\"28e0b06\" data-element_type=\"widget\" data-widget_type=\"heading.default\">\n\t\t\t\t\t<h2 class=\"elementor-heading-title elementor-size-default\">Automobil-Mechatroniker\/in EFZ<\/h2>\t\t\t\t<\/div>\n\t\t\t\t<div class=\"elementor-element elementor-element-53eb563 elementor-widget elementor-widget-heading\" data-id=\"53eb563\" data-element_type=\"widget\" data-widget_type=\"heading.default\">\n\t\t\t\t\t<h2 class=\"elementor-heading-title elementor-size-default\">4 Jahre<\/h2>\t\t\t\t<\/div>\n\t\t\t\t<div class=\"elementor-element elementor-element-7a93b0a elementor-widget elementor-widget-text-editor\" data-id=\"7a93b0a\" data-element_type=\"widget\" data-widget_type=\"text-editor.default\">\n\t\t\t\t\t\t\t\t\t<p class=\"text-styles-preset-reset\" data-styles-preset=\"reset\" data-pm-slice=\"1 1 []\">Beschreibung<\/p><p><!--framer-match-formatting--><\/p>\t\t\t\t\t\t\t\t<\/div>\n\t\t\t\t<\/div>\n\t\t\t\t<\/div>\n\t\t\t\t<\/div>\n\t\t\t\t<div class=\"elementor-element elementor-element-ce62e2d elementor-widget elementor-widget-heading\" data-id=\"ce62e2d\" data-element_type=\"widget\" data-widget_type=\"heading.default\">\n\t\t\t\t\t<h2 class=\"elementor-heading-title elementor-size-default\"><a href=\"mailto:info@nordstern.ch\">info@nordstern.ch<\/a><\/h2>\t\t\t\t<\/div>\n\t\t\t\t<\/div>\n\t\t<div class=\"elementor-element elementor-element-5e821e1 e-con-full e-flex wpr-particle-no wpr-jarallax-no wpr-parallax-no wpr-sticky-section-no e-con e-child\" data-id=\"5e821e1\" data-element_type=\"container\">\n\t\t\t\t<\/div>\n\t\t\t\t\t<\/div>\n\t\t\t\t<\/div>\n\t\t\t\t<\/div>\n\t\t","protected":false},"excerpt":{"rendered":"<p>Jobs Aktuelles Stellenangebot: Automobilmechatroniker (m\/w\/d), 80 \u2013 100% Wer wir sindDie Garage Nordstern AG ist ein inhabergef\u00fchrter Betrieb mittlerer Gr\u00f6sse in Feuerthalen, ennet dem Rhein bei Schaffhausen.Wir vertreten den schwedischen Premiumhersteller VOLVO seit dem Jahre 1995 im Raum Schaffhausen, mit den angrenzenden Regionen Z\u00fcrcher Weinland und Thurgau.Teamgeist und ein famili\u00e4rer Umgang sind in unserem Team zentrale Elemente, was sich auch durch viele langj\u00e4hrige Mitarbeiter auszeichnet. Kundendienst und Serviceorientierung sind uns wichtig. Als Team arbeiten wir jeden Tag daran, dass unsere Kunden zufrieden sind und Freude an ihren Fahrzeugen haben. Was wir uns w\u00fcnschenUnser Werkstattteam freut sich \u00fcber tatkr\u00e4ftige und motivierte Unterst\u00fctzung deinerseits. Zudem solltest du ein ausgesprochener Teamplayer und verantwortungsbewusst sein.Idealerweise bringst du Erfahrung mit unserer Marke VOLVO mit, was jedoch nicht zwingend erforderlich ist. Da wir einen direkten Umgang mit unseren Kunden pflegen, solltest du auch auf kommunikativer Ebene gepflegte Umgangsformen mitbringen. Denn nichts bringt dem Kunden ein besseres Gef\u00fchl, als wenn der Techniker seines Fahrzeuges direkt Kontakt mit ihm aufnimmt.Mit einem 100% Arbeitspensum bis du von Montag bis Freitag als Teil unseres Technikerteams im Einsatz. Was wir dir bieten k\u00f6nnenEine modern ausgestattete Werkstatt mit neuesten Werkzeugen und Ger\u00e4tenEine abwechslungsreiche, verantwortungsvolle und spannende T\u00e4tigkeitEin aufgestelltes und kollegiales Team in einem modernen ArbeitsumfeldKurse und Schulungen f\u00fcr die pers\u00f6nliche Weiterbildung\u00dcberdurchschnittliche Sozialleistungen5 Wochen Urlaub Was wir von Dir erwartenAbgeschlossene Ausbildung zum Automobilmechatroniker*inSelbstst\u00e4ndiges und eigeninitiatives ArbeitenAusgepr\u00e4gte Teamf\u00e4higkeitGepflegte Umgangsformen (intern als auch extern)Arbeitsbeginn: So schnell wie m\u00f6glich. Falls du dich von unserem Betrieb angesprochen f\u00fchlst und bereit f\u00fcr eine Zukunft mit uns bist, dann sende uns bitte deine schriftliche Bewerbung per Mail an: info (at) nordstern.ch Wir freuen uns auf dich und deine Bewerbung! Lehrstellen Unsere offenen Lehrstellen Automobil-Assistent\/in EBA 2 Jahre Beschreibung Automobil-Fachmann\/-frau EFZ 3 Jahre Beschreibung Automobil-Mechatroniker\/in EFZ 4 Jahre Beschreibung info@nordstern.ch<\/p>\n","protected":false},"author":1,"featured_media":0,"parent":0,"menu_order":0,"comment_status":"closed","ping_status":"closed","template":"","meta":{"footnotes":""},"class_list":["post-380","page","type-page","status-publish","hentry"],"_links":{"self":[{"href":"https:\/\/nordstern.ch\/index.php\/wp-json\/wp\/v2\/pages\/380","targetHints":{"allow":["GET"]}}],"collection":[{"href":"https:\/\/nordstern.ch\/index.php\/wp-json\/wp\/v2\/pages"}],"about":[{"href":"https:\/\/nordstern.ch\/index.php\/wp-json\/wp\/v2\/types\/page"}],"author":[{"embeddable":true,"href":"https:\/\/nordstern.ch\/index.php\/wp-json\/wp\/v2\/users\/1"}],"replies":[{"embeddable":true,"href":"https:\/\/nordstern.ch\/index.php\/wp-json\/wp\/v2\/comments?post=380"}],"version-history":[{"count":13,"href":"https:\/\/nordstern.ch\/index.php\/wp-json\/wp\/v2\/pages\/380\/revisions"}],"predecessor-version":[{"id":397,"href":"https:\/\/nordstern.ch\/index.php\/wp-json\/wp\/v2\/pages\/380\/revisions\/397"}],"wp:attachment":[{"href":"https:\/\/nordstern.ch\/index.php\/wp-json\/wp\/v2\/media?parent=380"}],"curies":[{"name":"wp","href":"https:\/\/api.w.org\/{rel}","templated":true}]}}