{"id":403,"date":"2026-02-28T09:20:50","date_gmt":"2026-02-28T09:20:50","guid":{"rendered":"https:\/\/new.nordstern.ch\/?page_id=403"},"modified":"2026-02-28T10:48:14","modified_gmt":"2026-02-28T10:48:14","slug":"spezielle-oeffnungszeiten-2","status":"publish","type":"page","link":"https:\/\/nordstern.ch\/index.php\/spezielle-oeffnungszeiten-2\/","title":{"rendered":"Spezielle \u00d6ffnungszeiten"},"content":{"rendered":"\t\t<div data-elementor-type=\"wp-page\" data-elementor-id=\"403\" class=\"elementor elementor-403\" data-elementor-post-type=\"page\">\n\t\t\t\t<div class=\"elementor-element elementor-element-072a473 e-flex e-con-boxed wpr-particle-no wpr-jarallax-no wpr-parallax-no wpr-sticky-section-no e-con e-parent\" data-id=\"072a473\" data-element_type=\"container\">\n\t\t\t\t\t<div class=\"e-con-inner\">\n\t\t<div class=\"elementor-element elementor-element-7ae0696 e-con-full e-flex wpr-particle-no wpr-jarallax-no wpr-parallax-no wpr-sticky-section-no e-con e-child\" data-id=\"7ae0696\" data-element_type=\"container\">\n\t\t<div class=\"elementor-element elementor-element-b66b809 e-con-full e-flex wpr-particle-no wpr-jarallax-no wpr-parallax-no wpr-sticky-section-no e-con e-child\" data-id=\"b66b809\" data-element_type=\"container\">\n\t\t\t\t<div class=\"elementor-element elementor-element-a80ed5d elementor-widget elementor-widget-heading\" data-id=\"a80ed5d\" data-element_type=\"widget\" data-widget_type=\"heading.default\">\n\t\t\t\t\t<h2 class=\"elementor-heading-title elementor-size-default\">Spezielle \u00d6ffnungszeiten<\/h2>\t\t\t\t<\/div>\n\t\t\t\t<div class=\"elementor-element elementor-element-31dd86e elementor-widget elementor-widget-text-editor\" data-id=\"31dd86e\" data-element_type=\"widget\" data-widget_type=\"text-editor.default\">\n\t\t\t\t\t\t\t\t\t<p><strong>1. Januar, Donnerstag: geschlossen (Neujahr)<\/strong><\/p><p><strong>02. Januar, Freitag: geschlossen (Berchtoldstag)<\/strong><\/p><p><strong>03. Januar, Samstag: geschlossen<\/strong><\/p><p><strong>ab Montag, 05. Januar 2026: normale \u00d6ffnungszeiten<\/strong><\/p><p><strong>02. April: ab 16:15 Uhr geschlossen (Gr\u00fcndonnerstag)<\/strong><\/p><p><strong>03. April, Freitag: geschlossen (Karfreitag)<\/strong><\/p><p><strong>04. April, Samstag: geschlossen (Karsamstag)<\/strong><\/p><p><strong>06. April, Montag: geschlossen (Ostermontag)<\/strong><\/p><p><strong>01. Mai, Freitag: geschlossen (Tag der Arbeit)<\/strong><\/p><p><strong>13. Mai, Mittwoch: ab 16:15 Uhr geschlossen<\/strong><\/p><p><strong>14. Mai, Donnerstag: geschlossen (Auffahrt)<\/strong><\/p><p><strong>15. Mai, Freitag: geschlossen<\/strong><\/p><p><strong>16. Mai, Samstag: geschlossen<\/strong><\/p><p><strong>25. Mai, Montag: geschlossen (Pfingstmontag)<\/strong><\/p><p><strong>01. August, Samstag: geschlossen (Nationalfeiertag)<\/strong><\/p><p>\u00a0<\/p><p>F\u00fcr Pannenhilfe oder bei Notf\u00e4llen ausserhalb der \u00d6ffnungszeiten, melden Sie sich bitte\u00a0unter folgender Rufnummer:\u00a0Volvo Assistance: 0844 300 100<br \/><br \/>Garage Nordstern AG, Spezialnummer nur w\u00e4hrend den oben erw\u00e4hnten Feiertagen: 052\u00a0647 66 59 (nur, wenn Assistance nicht helfen kann, es handelt sich um eine kostenpflichtige\u00a0Notfallnummer von 08:00 Uhr bis 20:00 Uhr).<br \/><br \/>Wir danken f\u00fcr Ihr Verst\u00e4ndnis.<br \/><br \/>Ihr Garage Nordstern Team<\/p>\t\t\t\t\t\t\t\t<\/div>\n\t\t\t\t<div class=\"elementor-element elementor-element-2f18cbc elementor-widget elementor-widget-heading\" data-id=\"2f18cbc\" data-element_type=\"widget\" data-widget_type=\"heading.default\">\n\t\t\t\t\t<h2 class=\"elementor-heading-title elementor-size-default\">F\u00fcr Pannenhilfe oder bei Notf\u00e4llen ausserhalb der \u00d6ffnungszeiten, melden Sie sich bitte unter folgender Rufnummer: Volvo Assistance: 0844 300 100<\/h2>\t\t\t\t<\/div>\n\t\t\t\t<\/div>\n\t\t\t\t<\/div>\n\t\t<div class=\"elementor-element elementor-element-ec75a70 e-con-full e-flex wpr-particle-no wpr-jarallax-no wpr-parallax-no wpr-sticky-section-no e-con e-child\" data-id=\"ec75a70\" data-element_type=\"container\">\n\t\t\t\t<\/div>\n\t\t\t\t\t<\/div>\n\t\t\t\t<\/div>\n\t\t\t\t<\/div>\n\t\t","protected":false},"excerpt":{"rendered":"<p>Spezielle \u00d6ffnungszeiten 1. Januar, Donnerstag: geschlossen (Neujahr) 02. Januar, Freitag: geschlossen (Berchtoldstag) 03. Januar, Samstag: geschlossen ab Montag, 05. Januar 2026: normale \u00d6ffnungszeiten 02. April: ab 16:15 Uhr geschlossen (Gr\u00fcndonnerstag) 03. April, Freitag: geschlossen (Karfreitag) 04. April, Samstag: geschlossen (Karsamstag) 06. April, Montag: geschlossen (Ostermontag) 01. Mai, Freitag: geschlossen (Tag der Arbeit) 13. Mai, Mittwoch: ab 16:15 Uhr geschlossen 14. Mai, Donnerstag: geschlossen (Auffahrt) 15. Mai, Freitag: geschlossen 16. Mai, Samstag: geschlossen 25. Mai, Montag: geschlossen (Pfingstmontag) 01. August, Samstag: geschlossen (Nationalfeiertag) \u00a0 F\u00fcr Pannenhilfe oder bei Notf\u00e4llen ausserhalb der \u00d6ffnungszeiten, melden Sie sich bitte\u00a0unter folgender Rufnummer:\u00a0Volvo Assistance: 0844 300 100 Garage Nordstern AG, Spezialnummer nur w\u00e4hrend den oben erw\u00e4hnten Feiertagen: 052\u00a0647 66 59 (nur, wenn Assistance nicht helfen kann, es handelt sich um eine kostenpflichtige\u00a0Notfallnummer von 08:00 Uhr bis 20:00 Uhr). Wir danken f\u00fcr Ihr Verst\u00e4ndnis. Ihr Garage Nordstern Team F\u00fcr Pannenhilfe oder bei Notf\u00e4llen ausserhalb der \u00d6ffnungszeiten, melden Sie sich bitte unter folgender Rufnummer: Volvo Assistance: 0844 300 100<\/p>\n","protected":false},"author":1,"featured_media":0,"parent":0,"menu_order":0,"comment_status":"closed","ping_status":"closed","template":"","meta":{"footnotes":""},"class_list":["post-403","page","type-page","status-publish","hentry"],"_links":{"self":[{"href":"https:\/\/nordstern.ch\/index.php\/wp-json\/wp\/v2\/pages\/403","targetHints":{"allow":["GET"]}}],"collection":[{"href":"https:\/\/nordstern.ch\/index.php\/wp-json\/wp\/v2\/pages"}],"about":[{"href":"https:\/\/nordstern.ch\/index.php\/wp-json\/wp\/v2\/types\/page"}],"author":[{"embeddable":true,"href":"https:\/\/nordstern.ch\/index.php\/wp-json\/wp\/v2\/users\/1"}],"replies":[{"embeddable":true,"href":"https:\/\/nordstern.ch\/index.php\/wp-json\/wp\/v2\/comments?post=403"}],"version-history":[{"count":10,"href":"https:\/\/nordstern.ch\/index.php\/wp-json\/wp\/v2\/pages\/403\/revisions"}],"predecessor-version":[{"id":423,"href":"https:\/\/nordstern.ch\/index.php\/wp-json\/wp\/v2\/pages\/403\/revisions\/423"}],"wp:attachment":[{"href":"https:\/\/nordstern.ch\/index.php\/wp-json\/wp\/v2\/media?parent=403"}],"curies":[{"name":"wp","href":"https:\/\/api.w.org\/{rel}","templated":true}]}}